{"id":1538,"date":"2026-01-11T20:34:52","date_gmt":"2026-01-11T20:34:52","guid":{"rendered":"https:\/\/multiverstech.com\/?page_id=1538"},"modified":"2026-01-11T20:34:57","modified_gmt":"2026-01-11T20:34:57","slug":"mentions-legales","status":"publish","type":"page","link":"https:\/\/multiverstech.com\/?page_id=1538","title":{"rendered":"Mentions l\u00e9gales"},"content":{"rendered":"\t\t<div data-elementor-type=\"wp-page\" data-elementor-id=\"1538\" class=\"elementor elementor-1538\" data-elementor-post-type=\"page\">\n\t\t\t\t<div class=\"elementor-element elementor-element-16ca20fb e-flex e-con-boxed e-con e-parent\" data-id=\"16ca20fb\" data-element_type=\"container\" data-e-type=\"container\">\n\t\t\t\t\t<div class=\"e-con-inner\">\n\t\t\t\t<div class=\"elementor-element elementor-element-50a2538c elementor-widget elementor-widget-text-editor\" data-id=\"50a2538c\" data-element_type=\"widget\" data-e-type=\"widget\" data-widget_type=\"text-editor.default\">\n\t\t\t\t\t\t\t\t\t<div><div><h1 style=\"text-align: center;\">Mentions l\u00e9gales<\/h1><div style=\"text-align: center;\">En vigueur au 01\/04\/2023<\/div><div>\u00a0<\/div><div>Conform\u00e9ment aux dispositions des Articles 6-III et 19 de la Loi n\u00b02004-575 du 21 juin 2004 pour la Confiance<br \/>dans l\u2019\u00e9conomie num\u00e9rique, dite L.C.E.N., il est port\u00e9 \u00e0 la connaissance des utilisateurs et visiteurs, ci-apr\u00e8s<br \/>l\u2019 \u00ab\u00a0Utilisateur\u00a0\u00bb, du site <b>https:\/\/multiverstech.com\/<\/b>\u00a0, ci-apr\u00e8s le \u00ab\u00a0Site\u00a0\u00bb, les pr\u00e9sentes<br \/>mentions l\u00e9gales.<\/div><div>La connexion et la navigation sur le Site par l\u2019Utilisateur implique l&rsquo;acceptation int\u00e9grale et sans r\u00e9serve<br \/>des pr\u00e9sentes mentions l\u00e9gales.<\/div><div>Ces derni\u00e8res sont accessibles sur le Site \u00e0 la rubrique \u00ab Mentions l\u00e9gales \u00bb.<\/div><h2>ARTICLE 1 &#8211; L&rsquo;\u00c9DITEUR<\/h2><div>L&rsquo;\u00e9dition du Site est assur\u00e9e par MULTIVERS-TECH entreprise individuelle par Actions Simplifi\u00e9e au capital de 10500,00 euros,<br \/>immatricul\u00e9e au Registre du Commerce et de cr\u00e9dit mobilier (RCCM) sous le num\u00e9ro SN STL 2023 1 945 dont le si\u00e8ge<br \/>social est situ\u00e9 Saint-louis du S\u00e9n\u00e9gal,<\/div><div>Adresse e-mail : contact@multiverstech.com.<\/div><div>N\u00b0 N.I.N.E.A : 010295253<\/div><div>Le Directeur de la publication est <strong>CHEIKH DIAGNE<\/strong><\/div><div>\u00c9diteur et propri\u00e9taire : MULTIVERS-TECH.<\/div><h2>ARTICLE 2 &#8211; L&rsquo;H\u00c9BERGEUR<\/h2><div>L&rsquo;h\u00e9bergeur du Site est<span style=\"text-align: var(--text-align);\">\u00a0HOSTINGER, dont le si\u00e8ge social est situ\u00e9 HOSTINGER INTERNATIONAL LTD, 61 Lordou Vironos Street, 6023 Larnaca, Chypre, joignable par le moyen suivant :https:\/\/www.hostinger.fr\/contact<\/span><\/div><h2>ARTICLE 3 &#8211; ACC\u00c8S AU SITE<\/h2><div>Le Site est accessible en tout endroit, 7j\/7, 24h\/24 sauf cas de force majeure, interruption programm\u00e9e ou non<br \/>et pouvant d\u00e9coulant d\u2019une n\u00e9cessit\u00e9 de maintenance.<\/div><div>En cas de modification, interruption ou suspension du Site, l&rsquo;\u00c9diteur ne saurait \u00eatre tenu responsable.<\/div><h2>ARTICLE 4 &#8211; COLLECTE DES DONN\u00c9ES<\/h2><div>Le Site assure \u00e0 l&rsquo;Utilisateur une collecte et un traitement d&rsquo;informations personnelles dans le respect de la<br \/>vie priv\u00e9e conform\u00e9ment \u00e0 la loi n\u00b078-17 du 6 janvier 1978 relative \u00e0 l&rsquo;informatique, aux fichiers et aux<br \/>libert\u00e9s.<\/div><div>En vertu de la loi Informatique et Libert\u00e9s, en date du 6 janvier 1978, l&rsquo;Utilisateur dispose d&rsquo;un droit<br \/>d&rsquo;acc\u00e8s, de rectification, de suppression et d&rsquo;opposition de ses donn\u00e9es personnelles. L&rsquo;Utilisateur exerce ce<br \/>droit :<\/div><div>\u00a0<\/div><div style=\"padding-left: 40px;\">\u00b7 \u00a0 \u00a0 \u00a0 \u00a0 par mail \u00e0 l&rsquo;adresse email\u00a0<span style=\"text-align: var(--text-align); color: var(--color-font);\">contact@multiverstech.com<\/span><\/div><div>\u00a0<\/div><div>Toute utilisation, reproduction, diffusion, commercialisation, modification de toute ou partie du Site, sans<br \/>autorisation de l&rsquo;\u00c9diteur est prohib\u00e9e et pourra entra\u00eener des actions et poursuites judiciaires telles que<br \/>notamment pr\u00e9vues par le Code de la propri\u00e9t\u00e9 intellectuelle et le Code civil.<\/div><\/div><div>\u00a0<\/div><div><div><p><span style=\"text-decoration: underline;\">Pour plus d&rsquo;informations:<\/span><\/p><p>&#8211; sur la gestion de vos cookies, se reporter \u00e0 la Charte accessible \u00e0 la rubrique \u00ab\u00a0Politique de Cookies\u00a0\u00bb ou en<br \/>cliquant <a href=\"https:\/\/base2023.lp-mediapost.fr\/politique-de-cookies-ue\/\"><strong>ici<\/strong><\/a><\/p><\/div><div>&#8211; sur notre politique de confidentialit\u00e9, se reporter \u00e0 la charte accessible \u00e0 la rubrique \u00ab\u00a0Politique de<br \/>confidentialit\u00e9\u00a0\u00bb ou en cliquant <strong><a href=\"https:\/\/base2023.lp-mediapost.fr\/politique-de-confidentialite\/\">ici<\/a><\/strong><\/div><div><strong><br \/><\/strong>&#8211; sur nos conditions g\u00e9n\u00e9rales d&rsquo;utilisation, se reporter \u00e0 la charte accessible \u00e0 la rubrique \u00ab\u00a0CGU\u00a0\u00bb ou<br \/>en cliquant <a href=\"https:\/\/base2023.lp-mediapost.fr\/cgus\/\"><strong>ici<\/strong><\/a><\/div><\/div><\/div><div>\u00a0<\/div>\t\t\t\t\t\t\t\t<\/div>\n\t\t\t\t\t<\/div>\n\t\t\t\t<\/div>\n\t\t\t\t<\/div>\n\t\t","protected":false},"excerpt":{"rendered":"<p>Mentions l\u00e9gales En vigueur au 01\/04\/2023\u00a0Conform\u00e9ment aux dispositions des Articles 6-III et 19 de la Loi n\u00b02004-575 du 21 juin 2004 pour la Confiancedans l\u2019\u00e9conomie num\u00e9rique, dite L.C.E.N., il est port\u00e9 \u00e0 la connaissance des utilisateurs et visiteurs, ci-apr\u00e8sl\u2019 \u00ab\u00a0Utilisateur\u00a0\u00bb, du site https:\/\/multiverstech.com\/\u00a0, ci-apr\u00e8s le \u00ab\u00a0Site\u00a0\u00bb, les pr\u00e9sentesmentions l\u00e9gales.La connexion et la navigation sur le [&hellip;]<\/p>\n","protected":false},"author":1,"featured_media":0,"parent":0,"menu_order":0,"comment_status":"closed","ping_status":"closed","template":"elementor_canvas","meta":{"footnotes":""},"class_list":["post-1538","page","type-page","status-publish","hentry"],"_hostinger_reach_plugin_has_subscription_block":false,"_hostinger_reach_plugin_is_elementor":false,"_links":{"self":[{"href":"https:\/\/multiverstech.com\/index.php?rest_route=\/wp\/v2\/pages\/1538","targetHints":{"allow":["GET"]}}],"collection":[{"href":"https:\/\/multiverstech.com\/index.php?rest_route=\/wp\/v2\/pages"}],"about":[{"href":"https:\/\/multiverstech.com\/index.php?rest_route=\/wp\/v2\/types\/page"}],"author":[{"embeddable":true,"href":"https:\/\/multiverstech.com\/index.php?rest_route=\/wp\/v2\/users\/1"}],"replies":[{"embeddable":true,"href":"https:\/\/multiverstech.com\/index.php?rest_route=%2Fwp%2Fv2%2Fcomments&post=1538"}],"version-history":[{"count":4,"href":"https:\/\/multiverstech.com\/index.php?rest_route=\/wp\/v2\/pages\/1538\/revisions"}],"predecessor-version":[{"id":1542,"href":"https:\/\/multiverstech.com\/index.php?rest_route=\/wp\/v2\/pages\/1538\/revisions\/1542"}],"wp:attachment":[{"href":"https:\/\/multiverstech.com\/index.php?rest_route=%2Fwp%2Fv2%2Fmedia&parent=1538"}],"curies":[{"name":"wp","href":"https:\/\/api.w.org\/{rel}","templated":true}]}}